{"id":9353,"date":"2026-04-27T11:09:04","date_gmt":"2026-04-27T11:09:04","guid":{"rendered":"https:\/\/amberell.lt\/?post_type=product&#038;p=9353"},"modified":"2026-04-28T14:26:11","modified_gmt":"2026-04-28T14:26:11","slug":"gintaro-karoliukai-verimui-blizgs-medus","status":"publish","type":"product","link":"https:\/\/amberell.lt\/en\/product\/gintaro-karoliukai-verimui-blizgs-medus\/","title":{"rendered":"Gintaro karoliukai v\u0117rimui \u201eBlizgus medus\u201d"},"content":{"rendered":"<h3><\/h3>\n<p>Netaisyklingos formos nat\u016bral\u016bs gintaro karoliukai su skylute.<\/p>\n<p>Medaus spalvos, blizg\u016bs (poliroti) Baltijos gintaro karoliukai. Kiekvienas karoliukas \u0161iek tiek skiriasi &#8211; nat\u016brali, gyva forma puikiai tinka unikaliems rankdarbiams.<\/p>\n<p>\u2714 Gr\u0119\u017eti (skylut\u0117 ~1 mm)<br data-start=\"526\" data-end=\"529\" \/>\u2714 Skersmuo: ~4,5\u20135,5 mm arba 6-7 mm<br data-start=\"548\" data-end=\"551\" \/>\u2714 Blizg\u016bs, poliruoti<br data-start=\"573\" data-end=\"576\" \/>\u2714 Nat\u016bralus Baltijos gintaras<\/p>\n<h5><img decoding=\"async\" class=\"emoji\" role=\"img\" draggable=\"false\" src=\"https:\/\/s.w.org\/images\/core\/emoji\/17.0.2\/svg\/1f517.svg\" alt=\"\ud83d\udd17\" \/>Daugiau gintaro papuo\u0161al\u0173 moterims rasite kategorijoje\u00a0<a href=\"https:\/\/amberell.lt\/en\/papuosalai-moterims\/gintaro-papuosalai-moterims\/\">Gintaro karoliukai v\u0117rimui<\/a><\/h5>\n<h5><img decoding=\"async\" class=\"emoji\" role=\"img\" draggable=\"false\" src=\"https:\/\/s.w.org\/images\/core\/emoji\/17.0.2\/svg\/1f517.svg\" alt=\"\ud83d\udd17\" \/>\u00a0Daugiau apie gintar\u0105 ir jo savybes galite su\u017einoti\u00a0<a href=\"https:\/\/lt.wikipedia.org\/wiki\/Gintaras\" target=\"_blank\" rel=\"noopener\">Wikipedia<\/a><\/h5>","protected":false},"excerpt":{"rendered":"<p>Gr\u0119\u017eti gintaro karoliukai<\/p>","protected":false},"featured_media":9413,"comment_status":"open","ping_status":"closed","template":"","meta":[],"product_brand":[],"product_cat":[754,599],"product_tag":[],"class_list":{"0":"post-9353","1":"product","2":"type-product","3":"status-publish","4":"has-post-thumbnail","6":"product_cat-gintaro-karoliukai-verimui","7":"product_cat-kita","9":"first","10":"instock","11":"featured","12":"shipping-taxable","13":"purchasable","14":"product-type-variable"},"_links":{"self":[{"href":"https:\/\/amberell.lt\/en\/wp-json\/wp\/v2\/product\/9353","targetHints":{"allow":["GET"]}}],"collection":[{"href":"https:\/\/amberell.lt\/en\/wp-json\/wp\/v2\/product"}],"about":[{"href":"https:\/\/amberell.lt\/en\/wp-json\/wp\/v2\/types\/product"}],"replies":[{"embeddable":true,"href":"https:\/\/amberell.lt\/en\/wp-json\/wp\/v2\/comments?post=9353"}],"wp:featuredmedia":[{"embeddable":true,"href":"https:\/\/amberell.lt\/en\/wp-json\/wp\/v2\/media\/9413"}],"wp:attachment":[{"href":"https:\/\/amberell.lt\/en\/wp-json\/wp\/v2\/media?parent=9353"}],"wp:term":[{"taxonomy":"product_brand","embeddable":true,"href":"https:\/\/amberell.lt\/en\/wp-json\/wp\/v2\/product_brand?post=9353"},{"taxonomy":"product_cat","embeddable":true,"href":"https:\/\/amberell.lt\/en\/wp-json\/wp\/v2\/product_cat?post=9353"},{"taxonomy":"product_tag","embeddable":true,"href":"https:\/\/amberell.lt\/en\/wp-json\/wp\/v2\/product_tag?post=9353"}],"curies":[{"name":"wp","href":"https:\/\/api.w.org\/{rel}","templated":true}]}}