{"id":9178,"date":"2026-04-20T16:37:08","date_gmt":"2026-04-20T16:37:08","guid":{"rendered":"https:\/\/amberell.lt\/?post_type=product&#038;p=9178"},"modified":"2026-04-25T13:05:08","modified_gmt":"2026-04-25T13:05:08","slug":"gintaro-verinys-shore","status":"publish","type":"product","link":"https:\/\/amberell.lt\/en\/product\/gintaro-verinys-shore\/","title":{"rendered":"V\u0117rinys \u201eShore&#8221;"},"content":{"rendered":"<h3 data-start=\"226\" data-end=\"583\"><\/h3>\n<p data-start=\"226\" data-end=\"583\">Gintaro v\u0117rinys pagamintas i\u0161 medaus spalvos, cilindro formos gintaro, suformuoto i\u0161 nat\u016brali\u0173 gintaro fragment\u0173. \u0160iltas medaus atspalvis, minimalistinis dizainas &#8211; lengvas ir patogus ne\u0161ioti kasdien ar ypatingomis progomis.<\/p>\n<h5>\ud83d\udd17 Find more amber jewelry for women in the category\u00a0<a href=\"https:\/\/amberell.lt\/en\/papuosalai-moterims\/gintaro-papuosalai-moterims\/\">Amber jewelry<\/a><\/h5>\n<h5>\ud83d\udd17You can learn more about amber and its properties\u00a0<a href=\"https:\/\/lt.wikipedia.org\/wiki\/Gintaras\" target=\"_blank\" rel=\"noopener\"><span style=\"background: white;\">Wikipedia<\/span><\/a><\/h5>\n<p><em>Each piece of jewelry is carefully packaged in an original Amberell box, making it suitable as a gift.<\/em><\/p>\n<p>&nbsp;<\/p>","protected":false},"excerpt":{"rendered":"<p>Natural Baltic amber necklace<\/p>","protected":false},"featured_media":9321,"comment_status":"open","ping_status":"closed","template":"","meta":[],"product_brand":[],"product_cat":[44,468,751],"product_tag":[],"class_list":{"0":"post-9178","1":"product","2":"type-product","3":"status-publish","4":"has-post-thumbnail","6":"product_cat-papuosalai-moterims","7":"product_cat-gintaro-papuosalai-moterims","8":"product_cat-kolekcija-amber-sands-moterims","10":"first","11":"instock","12":"featured","13":"shipping-taxable","14":"purchasable","15":"product-type-variable"},"_links":{"self":[{"href":"https:\/\/amberell.lt\/en\/wp-json\/wp\/v2\/product\/9178","targetHints":{"allow":["GET"]}}],"collection":[{"href":"https:\/\/amberell.lt\/en\/wp-json\/wp\/v2\/product"}],"about":[{"href":"https:\/\/amberell.lt\/en\/wp-json\/wp\/v2\/types\/product"}],"replies":[{"embeddable":true,"href":"https:\/\/amberell.lt\/en\/wp-json\/wp\/v2\/comments?post=9178"}],"wp:featuredmedia":[{"embeddable":true,"href":"https:\/\/amberell.lt\/en\/wp-json\/wp\/v2\/media\/9321"}],"wp:attachment":[{"href":"https:\/\/amberell.lt\/en\/wp-json\/wp\/v2\/media?parent=9178"}],"wp:term":[{"taxonomy":"product_brand","embeddable":true,"href":"https:\/\/amberell.lt\/en\/wp-json\/wp\/v2\/product_brand?post=9178"},{"taxonomy":"product_cat","embeddable":true,"href":"https:\/\/amberell.lt\/en\/wp-json\/wp\/v2\/product_cat?post=9178"},{"taxonomy":"product_tag","embeddable":true,"href":"https:\/\/amberell.lt\/en\/wp-json\/wp\/v2\/product_tag?post=9178"}],"curies":[{"name":"wp","href":"https:\/\/api.w.org\/{rel}","templated":true}]}}