{"id":907,"date":"2024-12-02T13:33:14","date_gmt":"2024-12-02T13:33:14","guid":{"rendered":"https:\/\/amberell.lt\/?post_type=product&#038;p=907"},"modified":"2026-02-07T17:21:53","modified_gmt":"2026-02-07T17:21:53","slug":"vysnine-apyranke-vyrams-terra","status":"publish","type":"product","link":"https:\/\/amberell.lt\/en\/product\/vysnine-apyranke-vyrams-terra\/","title":{"rendered":"Cherry bracelet \"Terra\""},"content":{"rendered":"<p>Unikali apyrank\u0117 vyrams, pagaminta i\u0161 auk\u0161tos kokyb\u0117s, blizgaus ir matinio\/ neblizgaus gintaro. \u0160ios apyrank\u0117s dizainas subtiliai primena vyri\u0161ko laikrod\u017eio apyrank\u0119. Jos universalumas leid\u017eia j\u0105 derinti tiek prie laisvalaikio aprangos, tiek prie formalaus kostiumo, tod\u0117l ji puikiai tinka tiek kasdienai, tiek ypatingoms progoms.<br \/>\nGintaras siejamas su apsauga, vidine ramybe ir gamtos galia. D\u0117vint \u0161i\u0105 apyrank\u0119, J\u016bs ne\u0161iojate savyje gabal\u0117l\u012f Baltijos istorijos ir am\u017einos elegancijos.<\/p>\n<\/div>\n<\/div>\n<\/div>\n<\/div>\n<div class=\"group\/conversation-turn relative flex w-full min-w-0 flex-col agent-turn\">\n<div class=\"flex-col gap-1 md:gap-3\">\n<div class=\"flex max-w-full flex-col flex-grow\">\n<div class=\"min-h-8 text-message flex w-full flex-col items-end gap-2 whitespace-normal break-words [.text-message+&amp;]:mt-5\" dir=\"auto\" data-message-author-role=\"assistant\" data-message-id=\"08912ebd-04e1-46c1-bdd5-9d5c3935b139\" data-message-model-slug=\"gpt-4o\">\n<div class=\"flex w-full flex-col gap-1 empty:hidden first:pt-[3px]\">\n<div class=\"markdown prose w-full break-words dark:prose-invert light\">\n<h5>\ud83d\udd17 Daugiau papuo\u0161al\u0173 vyrams rasite kategorijoje <a href=\"https:\/\/amberell.lt\/papuosalai-vyrams\/\"><em>Vyrams<\/em><\/a><\/h5>\n<h5>\ud83d\udd17 Daugiau apie gintar\u0105 ir jo savybes galite su\u017einoti\u00a0<a href=\"https:\/\/lt.wikipedia.org\/wiki\/Gintaras\" target=\"_blank\" rel=\"noopener\"><span style=\"background: white;\">Wikipedia<\/span><\/a><\/h5>\n<p><em>Kiekvienas papuo\u0161alas kruop\u0161\u010diai supakuojamas originalioje Amberell d\u0117\u017eut\u0117je, tod\u0117l yra tinkamas dovanai.<\/em><\/p>\n<\/div>\n<\/div>\n<\/div>\n<\/div>\n<\/div>\n<\/div>\n","protected":false},"excerpt":{"rendered":"<p>Classic amber bracelet \u201eTerra\"<\/p>","protected":false},"featured_media":905,"comment_status":"open","ping_status":"closed","template":"","meta":[],"product_brand":[],"product_cat":[47,478,50],"product_tag":[],"class_list":{"0":"post-907","1":"product","2":"type-product","3":"status-publish","4":"has-post-thumbnail","6":"product_cat-gintaro-apyrankes-vyrams","7":"product_cat-gintaro-papuosalai-vyrams","8":"product_cat-papuosalai-vyrams","10":"first","11":"instock","12":"featured","13":"shipping-taxable","14":"purchasable","15":"product-type-variable"},"_links":{"self":[{"href":"https:\/\/amberell.lt\/en\/wp-json\/wp\/v2\/product\/907","targetHints":{"allow":["GET"]}}],"collection":[{"href":"https:\/\/amberell.lt\/en\/wp-json\/wp\/v2\/product"}],"about":[{"href":"https:\/\/amberell.lt\/en\/wp-json\/wp\/v2\/types\/product"}],"replies":[{"embeddable":true,"href":"https:\/\/amberell.lt\/en\/wp-json\/wp\/v2\/comments?post=907"}],"wp:featuredmedia":[{"embeddable":true,"href":"https:\/\/amberell.lt\/en\/wp-json\/wp\/v2\/media\/905"}],"wp:attachment":[{"href":"https:\/\/amberell.lt\/en\/wp-json\/wp\/v2\/media?parent=907"}],"wp:term":[{"taxonomy":"product_brand","embeddable":true,"href":"https:\/\/amberell.lt\/en\/wp-json\/wp\/v2\/product_brand?post=907"},{"taxonomy":"product_cat","embeddable":true,"href":"https:\/\/amberell.lt\/en\/wp-json\/wp\/v2\/product_cat?post=907"},{"taxonomy":"product_tag","embeddable":true,"href":"https:\/\/amberell.lt\/en\/wp-json\/wp\/v2\/product_tag?post=907"}],"curies":[{"name":"wp","href":"https:\/\/api.w.org\/{rel}","templated":true}]}}