{"id":7770,"date":"2025-10-14T14:57:14","date_gmt":"2025-10-14T14:57:14","guid":{"rendered":"https:\/\/amberell.lt\/?post_type=product&#038;p=7770"},"modified":"2025-12-16T05:19:19","modified_gmt":"2025-12-16T05:19:19","slug":"gintaro-auskarai-su-inkliuzu-selina","status":"publish","type":"product","link":"https:\/\/amberell.lt\/en\/product\/gintaro-auskarai-su-inkliuzu-selina\/","title":{"rendered":"Amber earrings with inclusions \u201eSelina\u201d"},"content":{"rendered":"<p>Blizg\u016bs, tobulai apvali\u0173 rutuliuk\u0173 formos auskarai i\u0161 nat\u016bralaus gintaro su unikaliais kandies ir uodo inkliuzais \u2013 gamtos gro\u017eis ir istorija viename papuo\u0161ale.<\/p>\n<p>\u0160ie minimalistiniai, bet unikal\u016bs auskarai idealiai tiks tiek kasdienai, tiek ypatingoms progoms. Jie der\u0117s su \u012fvairiais stiliumi \u2013 nuo sant\u016braus iki dr\u0105saus, ir suteiks j\u016bs\u0173 \u012fvaizd\u017eiui unikalumo.<\/p>\n<p>\ud83d\udd17 Looking for more unique amber inclusions? Browse the full collection in category <a href=\"https:\/\/amberell.lt\/en\/kolekcionavimas\/inkliuzai\/\"><em>Inclusions<\/em><\/a><\/p>","protected":false},"excerpt":{"rendered":"<p>Nat\u016bralaus Baltijos gintaro auskarai su inkliuzu<\/p>","protected":false},"featured_media":8052,"comment_status":"open","ping_status":"closed","template":"","meta":[],"product_brand":[],"product_cat":[83,468,44],"product_tag":[],"class_list":{"0":"post-7770","1":"product","2":"type-product","3":"status-publish","4":"has-post-thumbnail","6":"product_cat-gintaro-auskarai","7":"product_cat-gintaro-papuosalai-moterims","8":"product_cat-papuosalai-moterims","10":"first","11":"outofstock","12":"featured","13":"shipping-taxable","14":"purchasable","15":"product-type-simple"},"_links":{"self":[{"href":"https:\/\/amberell.lt\/en\/wp-json\/wp\/v2\/product\/7770","targetHints":{"allow":["GET"]}}],"collection":[{"href":"https:\/\/amberell.lt\/en\/wp-json\/wp\/v2\/product"}],"about":[{"href":"https:\/\/amberell.lt\/en\/wp-json\/wp\/v2\/types\/product"}],"replies":[{"embeddable":true,"href":"https:\/\/amberell.lt\/en\/wp-json\/wp\/v2\/comments?post=7770"}],"wp:featuredmedia":[{"embeddable":true,"href":"https:\/\/amberell.lt\/en\/wp-json\/wp\/v2\/media\/8052"}],"wp:attachment":[{"href":"https:\/\/amberell.lt\/en\/wp-json\/wp\/v2\/media?parent=7770"}],"wp:term":[{"taxonomy":"product_brand","embeddable":true,"href":"https:\/\/amberell.lt\/en\/wp-json\/wp\/v2\/product_brand?post=7770"},{"taxonomy":"product_cat","embeddable":true,"href":"https:\/\/amberell.lt\/en\/wp-json\/wp\/v2\/product_cat?post=7770"},{"taxonomy":"product_tag","embeddable":true,"href":"https:\/\/amberell.lt\/en\/wp-json\/wp\/v2\/product_tag?post=7770"}],"curies":[{"name":"wp","href":"https:\/\/api.w.org\/{rel}","templated":true}]}}