{"id":6963,"date":"2025-09-21T13:34:23","date_gmt":"2025-09-21T13:34:23","guid":{"rendered":"https:\/\/amberell.lt\/?post_type=product&#038;p=6963"},"modified":"2026-03-31T15:25:03","modified_gmt":"2026-03-31T15:25:03","slug":"kriaukliu-apykoje-seaside","status":"publish","type":"product","link":"https:\/\/amberell.lt\/en\/product\/kriaukliu-apykoje-seaside\/","title":{"rendered":"Kriaukli\u0173 apykoj\u0117 \u201eSeaside&#8221;"},"content":{"rendered":"<h3><\/h3>\n<p>Nat\u016brali\u0173 kriaukli\u0173 apykoj\u0117: lengva, nat\u016brali ir jauki &#8211;\u00a0 primena vasar\u0105 bei j\u016bros ramyb\u0119. Pagaminta i\u0161 tikr\u0173 kriaukli\u0173 ant baltos va\u0161kuotos virvel\u0117s. Universalaus dyd\u017eio (nuo ~20 cm iki 30 cm kojos apimties) &#8211; dydis regliuojasi.<\/p>\n<p>Puikus pasirinkimas tiems, kurie m\u0117gsta nat\u016bralum\u0105, paprastum\u0105 ir subtil\u0173 papuo\u0161al\u0173 gro\u017e\u012f.<\/p>\n<p data-start=\"249\" data-end=\"535\">Made of:<\/p>\n<ul style=\"margin-top: 0; padding-left: 20px;\">\n<li style=\"list-style-type: none;\">\n<ul style=\"margin-top: 0; padding-left: 20px;\">\n<li><strong>Nat\u016brali\u0173 kriaukli\u0173<\/strong> &#8211; vertinamos d\u0117l savo nat\u016bralumo, unikali\u0173 form\u0173 ir \u0161velni\u0173 atspalvi\u0173. Nuo sen\u0173 laik\u0173 jos laikomos apsaugos ir moteri\u0161kumo simboliu, primenan\u010diu apie ry\u0161\u012f su j\u016bra, gamta ir nuolatin\u012f gyvenimo cikl\u0105.<\/li>\n<\/ul>\n<\/li>\n<\/ul>\n<p>\ud83d\udd17You can find a detailed description of natural stones and their properties here:\u00a0<a href=\"https:\/\/en.wikipedia.org\/wiki\/List_of_minerals\" target=\"_blank\" rel=\"noopener\"><em>Wikipedia list of minerals<\/em><\/a><\/p>\n<h4>\ud83d\udd17Apykoj\u0119 derinkite kartu su apyranke <em><a href=\"https:\/\/amberell.lt\/en\/product\/kriaukliu-apyranke-seaside\/\">&#8222;Seaside&#8221;<\/a><\/em><\/h4>\n<h5>\ud83d\udd17 Find more pearl jewelry for women in the category <a href=\"https:\/\/amberell.lt\/en\/papuosalai-moterims\/\"><em>For women<\/em><\/a><\/h5>","protected":false},"excerpt":{"rendered":"<p>Nat\u016brali\u0173 kriaukli\u0173 apykoj\u0117<\/p>","protected":false},"featured_media":8612,"comment_status":"open","ping_status":"closed","template":"","meta":[],"product_brand":[],"product_cat":[44,602,589],"product_tag":[],"class_list":{"0":"post-6963","1":"product","2":"type-product","3":"status-publish","4":"has-post-thumbnail","6":"product_cat-papuosalai-moterims","7":"product_cat-apykojes","8":"product_cat-naturaliu-akmenu-papuosalai-moterims","10":"first","11":"instock","12":"featured","13":"shipping-taxable","14":"purchasable","15":"product-type-simple"},"_links":{"self":[{"href":"https:\/\/amberell.lt\/en\/wp-json\/wp\/v2\/product\/6963","targetHints":{"allow":["GET"]}}],"collection":[{"href":"https:\/\/amberell.lt\/en\/wp-json\/wp\/v2\/product"}],"about":[{"href":"https:\/\/amberell.lt\/en\/wp-json\/wp\/v2\/types\/product"}],"replies":[{"embeddable":true,"href":"https:\/\/amberell.lt\/en\/wp-json\/wp\/v2\/comments?post=6963"}],"wp:featuredmedia":[{"embeddable":true,"href":"https:\/\/amberell.lt\/en\/wp-json\/wp\/v2\/media\/8612"}],"wp:attachment":[{"href":"https:\/\/amberell.lt\/en\/wp-json\/wp\/v2\/media?parent=6963"}],"wp:term":[{"taxonomy":"product_brand","embeddable":true,"href":"https:\/\/amberell.lt\/en\/wp-json\/wp\/v2\/product_brand?post=6963"},{"taxonomy":"product_cat","embeddable":true,"href":"https:\/\/amberell.lt\/en\/wp-json\/wp\/v2\/product_cat?post=6963"},{"taxonomy":"product_tag","embeddable":true,"href":"https:\/\/amberell.lt\/en\/wp-json\/wp\/v2\/product_tag?post=6963"}],"curies":[{"name":"wp","href":"https:\/\/api.w.org\/{rel}","templated":true}]}}