{"id":4631,"date":"2025-05-26T11:34:49","date_gmt":"2025-05-26T11:34:49","guid":{"rendered":"https:\/\/amberell.lt\/?post_type=product&#038;p=4631"},"modified":"2025-11-20T12:47:38","modified_gmt":"2025-11-20T12:47:38","slug":"gintaro-inkliuzas-uzrakintas-laike-1955","status":"publish","type":"product","link":"https:\/\/amberell.lt\/en\/product\/gintaro-inkliuzas-uzrakintas-laike-1955\/","title":{"rendered":"Inclusion \"Trapped in Time\" -1955-"},"content":{"rendered":"<p>Unikalus gintaro inkliuzas, kuris tarsi sustabdytas laike \u2013 autenti\u0161ka gamtos dovana i\u0161 senov\u0117s.<\/p>","protected":false},"excerpt":{"rendered":"<p>Baltic amber specimen in a magnifier box<\/p>","protected":false},"featured_media":4634,"comment_status":"open","ping_status":"closed","template":"","meta":[],"product_brand":[],"product_cat":[77,347],"product_tag":[],"class_list":{"0":"post-4631","1":"product","2":"type-product","3":"status-publish","4":"has-post-thumbnail","6":"product_cat-kolekcionavimas","7":"product_cat-gintaro-inkliuzai","9":"first","10":"outofstock","11":"featured","12":"shipping-taxable","13":"purchasable","14":"product-type-simple"},"_links":{"self":[{"href":"https:\/\/amberell.lt\/en\/wp-json\/wp\/v2\/product\/4631","targetHints":{"allow":["GET"]}}],"collection":[{"href":"https:\/\/amberell.lt\/en\/wp-json\/wp\/v2\/product"}],"about":[{"href":"https:\/\/amberell.lt\/en\/wp-json\/wp\/v2\/types\/product"}],"replies":[{"embeddable":true,"href":"https:\/\/amberell.lt\/en\/wp-json\/wp\/v2\/comments?post=4631"}],"wp:featuredmedia":[{"embeddable":true,"href":"https:\/\/amberell.lt\/en\/wp-json\/wp\/v2\/media\/4634"}],"wp:attachment":[{"href":"https:\/\/amberell.lt\/en\/wp-json\/wp\/v2\/media?parent=4631"}],"wp:term":[{"taxonomy":"product_brand","embeddable":true,"href":"https:\/\/amberell.lt\/en\/wp-json\/wp\/v2\/product_brand?post=4631"},{"taxonomy":"product_cat","embeddable":true,"href":"https:\/\/amberell.lt\/en\/wp-json\/wp\/v2\/product_cat?post=4631"},{"taxonomy":"product_tag","embeddable":true,"href":"https:\/\/amberell.lt\/en\/wp-json\/wp\/v2\/product_tag?post=4631"}],"curies":[{"name":"wp","href":"https:\/\/api.w.org\/{rel}","templated":true}]}}