{"id":4550,"date":"2025-05-19T10:31:45","date_gmt":"2025-05-19T10:31:45","guid":{"rendered":"https:\/\/amberell.lt\/?post_type=product&#038;p=4550"},"modified":"2026-02-10T14:55:34","modified_gmt":"2026-02-10T14:55:34","slug":"gintaro-auskarai-su-inkliuzu-inara","status":"publish","type":"product","link":"https:\/\/amberell.lt\/en\/product\/gintaro-auskarai-su-inkliuzu-inara\/","title":{"rendered":"Amber earrings with inclusions \u201eInara\u201d"},"content":{"rendered":"<p>Blizg\u016bs, tobulai apvali\u0173 rutuliuk\u0173 formos auskarai i\u0161 nat\u016bralaus gintaro su unikalia uodo ir skruzd\u0117l\u0117s inkliuzo detal\u0117mis \u2013 gamtos gro\u017eis ir istorija viename papuo\u0161ale.<\/p>\n<p>These minimalist earrings are perfect for both everyday wear and special occasions. They will complement various styles, from understated to bold, adding uniqueness to your look.<\/p>","protected":false},"excerpt":{"rendered":"<p>Nat\u016bralaus Baltijos gintaro auskarai su inkliuzu<\/p>","protected":false},"featured_media":4578,"comment_status":"open","ping_status":"closed","template":"","meta":[],"product_brand":[],"product_cat":[83,468,44],"product_tag":[],"class_list":{"0":"post-4550","1":"product","2":"type-product","3":"status-publish","4":"has-post-thumbnail","6":"product_cat-gintaro-auskarai","7":"product_cat-gintaro-papuosalai-moterims","8":"product_cat-papuosalai-moterims","10":"first","11":"outofstock","12":"featured","13":"shipping-taxable","14":"purchasable","15":"product-type-simple"},"_links":{"self":[{"href":"https:\/\/amberell.lt\/en\/wp-json\/wp\/v2\/product\/4550","targetHints":{"allow":["GET"]}}],"collection":[{"href":"https:\/\/amberell.lt\/en\/wp-json\/wp\/v2\/product"}],"about":[{"href":"https:\/\/amberell.lt\/en\/wp-json\/wp\/v2\/types\/product"}],"replies":[{"embeddable":true,"href":"https:\/\/amberell.lt\/en\/wp-json\/wp\/v2\/comments?post=4550"}],"wp:featuredmedia":[{"embeddable":true,"href":"https:\/\/amberell.lt\/en\/wp-json\/wp\/v2\/media\/4578"}],"wp:attachment":[{"href":"https:\/\/amberell.lt\/en\/wp-json\/wp\/v2\/media?parent=4550"}],"wp:term":[{"taxonomy":"product_brand","embeddable":true,"href":"https:\/\/amberell.lt\/en\/wp-json\/wp\/v2\/product_brand?post=4550"},{"taxonomy":"product_cat","embeddable":true,"href":"https:\/\/amberell.lt\/en\/wp-json\/wp\/v2\/product_cat?post=4550"},{"taxonomy":"product_tag","embeddable":true,"href":"https:\/\/amberell.lt\/en\/wp-json\/wp\/v2\/product_tag?post=4550"}],"curies":[{"name":"wp","href":"https:\/\/api.w.org\/{rel}","templated":true}]}}