{"id":4542,"date":"2025-05-19T10:11:14","date_gmt":"2025-05-19T10:11:14","guid":{"rendered":"https:\/\/amberell.lt\/?post_type=product&#038;p=4542"},"modified":"2026-02-10T14:54:48","modified_gmt":"2026-02-10T14:54:48","slug":"gintaro-auskarai-su-inkliuzais-selena","status":"publish","type":"product","link":"https:\/\/amberell.lt\/en\/product\/gintaro-auskarai-su-inkliuzais-selena\/","title":{"rendered":"Earrings with inclusions \u201eSelena\u201d"},"content":{"rendered":"<h3>Earrings with inclusions \u201eSelena\u201d<\/h3>\n<p>Blizg\u016bs, tobulai apvali\u0173 rutuliuk\u0173 formos auskarai i\u0161 nat\u016bralaus gintaro su unikaliu skruzd\u0117l\u0117s inkliuzu \u2013 gamtos gro\u017eis ir istorija viename papuo\u0161ale.<\/p>\n<p>Nat\u016bralaus gintaro auskarai su inkliuzais \u2013 unikalus papuo\u0161alas, kuriame slypi milijonus met\u0173 skai\u010diuojanti gamtos istorija. I\u0161skirtinis pasirinkimas vertinantiems autenti\u0161kum\u0105.<\/p>\n<p>Pamatykite daugiau auskar\u0173 i\u0161 tos pa\u010dios kolekcijos: <em><a href=\"https:\/\/amberell.lt\/en\/product\/gintaro-auskarai-su-inkliuzu-inara\/\">Auskarai su inkliuzais \u201eInara&#8221;<\/a><\/em><\/p>","protected":false},"excerpt":{"rendered":"<p>Nat\u016bralaus Baltijos gintaro auskarai su inkliuzais<\/p>","protected":false},"featured_media":4588,"comment_status":"open","ping_status":"closed","template":"","meta":[],"product_brand":[],"product_cat":[83,468,44],"product_tag":[],"class_list":{"0":"post-4542","1":"product","2":"type-product","3":"status-publish","4":"has-post-thumbnail","6":"product_cat-gintaro-auskarai","7":"product_cat-gintaro-papuosalai-moterims","8":"product_cat-papuosalai-moterims","10":"first","11":"outofstock","12":"featured","13":"shipping-taxable","14":"purchasable","15":"product-type-simple"},"_links":{"self":[{"href":"https:\/\/amberell.lt\/en\/wp-json\/wp\/v2\/product\/4542","targetHints":{"allow":["GET"]}}],"collection":[{"href":"https:\/\/amberell.lt\/en\/wp-json\/wp\/v2\/product"}],"about":[{"href":"https:\/\/amberell.lt\/en\/wp-json\/wp\/v2\/types\/product"}],"replies":[{"embeddable":true,"href":"https:\/\/amberell.lt\/en\/wp-json\/wp\/v2\/comments?post=4542"}],"wp:featuredmedia":[{"embeddable":true,"href":"https:\/\/amberell.lt\/en\/wp-json\/wp\/v2\/media\/4588"}],"wp:attachment":[{"href":"https:\/\/amberell.lt\/en\/wp-json\/wp\/v2\/media?parent=4542"}],"wp:term":[{"taxonomy":"product_brand","embeddable":true,"href":"https:\/\/amberell.lt\/en\/wp-json\/wp\/v2\/product_brand?post=4542"},{"taxonomy":"product_cat","embeddable":true,"href":"https:\/\/amberell.lt\/en\/wp-json\/wp\/v2\/product_cat?post=4542"},{"taxonomy":"product_tag","embeddable":true,"href":"https:\/\/amberell.lt\/en\/wp-json\/wp\/v2\/product_tag?post=4542"}],"curies":[{"name":"wp","href":"https:\/\/api.w.org\/{rel}","templated":true}]}}