{"id":4535,"date":"2025-05-19T09:28:39","date_gmt":"2025-05-19T09:28:39","guid":{"rendered":"https:\/\/amberell.lt\/?post_type=product&#038;p=4535"},"modified":"2025-12-16T09:48:05","modified_gmt":"2025-12-16T09:48:05","slug":"gintaro-auskarai-su-inkliuzais-reina","status":"publish","type":"product","link":"https:\/\/amberell.lt\/en\/product\/gintaro-auskarai-su-inkliuzais-reina\/","title":{"rendered":"Earrings with inclusions \u201eReina\u201d"},"content":{"rendered":"<h4>I\u0161skirtiniai auskarai su inkliuzais \u2013 nat\u016bralaus gintaro, tobulai apvali\u0173 rutuliuk\u0173 auskarai su vabzd\u017ei\u0173 inkliuzais.<\/h4>\n<p>\u0160is papuo\u0161alas \u2013 unikalus gamtos k\u016brinys, saugantis milijonus met\u0173 senumo istorij\u0105.<br \/>\nTokie auskarai \u2013 ne tik aksesuaras, bet ir tylus pokalbio prad\u017eios ta\u0161kas &#8211; d\u0117l juose esan\u010dio netik\u0117tumo. Jie puikiai tinka tiems, kurie ie\u0161ko ne masin\u0117s mados, o autenti\u0161k\u0173 detali\u0173 su prasme.<\/p>\n<p>Galima derinti su <a href=\"https:\/\/amberell.lt\/en\/product\/skaidrus-pakabukas-su-inkliuzu-gelme\/\"><em>pakabuku \u201eGelm\u0117\u201d<\/em><\/a><\/p>","protected":false},"excerpt":{"rendered":"<p>Nat\u016bralaus Baltijos gintaro auskarai su inkliuzais<\/p>","protected":false},"featured_media":4596,"comment_status":"open","ping_status":"closed","template":"","meta":[],"product_brand":[],"product_cat":[83,468,44],"product_tag":[],"class_list":{"0":"post-4535","1":"product","2":"type-product","3":"status-publish","4":"has-post-thumbnail","6":"product_cat-gintaro-auskarai","7":"product_cat-gintaro-papuosalai-moterims","8":"product_cat-papuosalai-moterims","10":"first","11":"outofstock","12":"featured","13":"shipping-taxable","14":"purchasable","15":"product-type-simple"},"_links":{"self":[{"href":"https:\/\/amberell.lt\/en\/wp-json\/wp\/v2\/product\/4535","targetHints":{"allow":["GET"]}}],"collection":[{"href":"https:\/\/amberell.lt\/en\/wp-json\/wp\/v2\/product"}],"about":[{"href":"https:\/\/amberell.lt\/en\/wp-json\/wp\/v2\/types\/product"}],"replies":[{"embeddable":true,"href":"https:\/\/amberell.lt\/en\/wp-json\/wp\/v2\/comments?post=4535"}],"wp:featuredmedia":[{"embeddable":true,"href":"https:\/\/amberell.lt\/en\/wp-json\/wp\/v2\/media\/4596"}],"wp:attachment":[{"href":"https:\/\/amberell.lt\/en\/wp-json\/wp\/v2\/media?parent=4535"}],"wp:term":[{"taxonomy":"product_brand","embeddable":true,"href":"https:\/\/amberell.lt\/en\/wp-json\/wp\/v2\/product_brand?post=4535"},{"taxonomy":"product_cat","embeddable":true,"href":"https:\/\/amberell.lt\/en\/wp-json\/wp\/v2\/product_cat?post=4535"},{"taxonomy":"product_tag","embeddable":true,"href":"https:\/\/amberell.lt\/en\/wp-json\/wp\/v2\/product_tag?post=4535"}],"curies":[{"name":"wp","href":"https:\/\/api.w.org\/{rel}","templated":true}]}}