{"id":3776,"date":"2025-04-24T13:14:51","date_gmt":"2025-04-24T13:14:51","guid":{"rendered":"https:\/\/amberell.lt\/?post_type=product&#038;p=3776"},"modified":"2026-01-12T20:43:46","modified_gmt":"2026-01-12T20:43:46","slug":"rozancius-tasbih-hope","status":"publish","type":"product","link":"https:\/\/amberell.lt\/en\/product\/rozancius-tasbih-hope\/","title":{"rendered":"Rosary \u201eHope\u201d"},"content":{"rendered":"<p>\u0160is eleganti\u0161kas ro\u017ean\u010dius &#8211; Tasbih &#8211; pagamintas i\u0161 ovalo formos, nat\u016bralaus, blizgaus, balto su ra\u0161tais gintaro.<br \/>\nA unique, carefully crafted accessory, suitable for both daily prayers and as a special gift.<br \/>\nDesigned for focus, peace, and prayer.<\/p>\n<p>\ud83d\udd17 Daugiau musulmoni\u0161k\u0173 ro\u017ean\u010di\u0173 rasite <a href=\"https:\/\/amberell.lt\/en\/kolekcionavimas\/gintaro-rozanciai\/musulmoniski-gintaro-rozanciai\/\">here<\/a><\/p>","protected":false},"excerpt":{"rendered":"<p>Natural Baltic amber Muslim rosary<\/p>","protected":false},"featured_media":3777,"comment_status":"open","ping_status":"closed","template":"","meta":[],"product_brand":[],"product_cat":[81,77,580],"product_tag":[],"class_list":{"0":"post-3776","1":"product","2":"type-product","3":"status-publish","4":"has-post-thumbnail","6":"product_cat-gintaro-rozanciai","7":"product_cat-kolekcionavimas","8":"product_cat-musulmoniski-gintaro-rozanciai","9":"pa_rozanciaus-svoris-g-309","11":"first","12":"outofstock","13":"featured","14":"shipping-taxable","15":"purchasable","16":"product-type-simple"},"_links":{"self":[{"href":"https:\/\/amberell.lt\/en\/wp-json\/wp\/v2\/product\/3776","targetHints":{"allow":["GET"]}}],"collection":[{"href":"https:\/\/amberell.lt\/en\/wp-json\/wp\/v2\/product"}],"about":[{"href":"https:\/\/amberell.lt\/en\/wp-json\/wp\/v2\/types\/product"}],"replies":[{"embeddable":true,"href":"https:\/\/amberell.lt\/en\/wp-json\/wp\/v2\/comments?post=3776"}],"wp:featuredmedia":[{"embeddable":true,"href":"https:\/\/amberell.lt\/en\/wp-json\/wp\/v2\/media\/3777"}],"wp:attachment":[{"href":"https:\/\/amberell.lt\/en\/wp-json\/wp\/v2\/media?parent=3776"}],"wp:term":[{"taxonomy":"product_brand","embeddable":true,"href":"https:\/\/amberell.lt\/en\/wp-json\/wp\/v2\/product_brand?post=3776"},{"taxonomy":"product_cat","embeddable":true,"href":"https:\/\/amberell.lt\/en\/wp-json\/wp\/v2\/product_cat?post=3776"},{"taxonomy":"product_tag","embeddable":true,"href":"https:\/\/amberell.lt\/en\/wp-json\/wp\/v2\/product_tag?post=3776"}],"curies":[{"name":"wp","href":"https:\/\/api.w.org\/{rel}","templated":true}]}}