{"id":46,"date":"2024-09-18T14:01:58","date_gmt":"2024-09-18T14:01:58","guid":{"rendered":"https:\/\/amberell.lt\/?page_id=46"},"modified":"2025-04-29T16:18:26","modified_gmt":"2025-04-29T16:18:26","slug":"pristatymas","status":"publish","type":"page","link":"https:\/\/amberell.lt\/en\/pristatymas\/","title":{"rendered":"Delivery"},"content":{"rendered":"<div class=\"row row-collapse align-center\"  id=\"row-220827715\">\n\n\n\t<div id=\"col-1599066569\" class=\"col medium-8 small-12 large-8\"  >\n\t\t\t\t<div class=\"col-inner text-left\"  >\n\t\t\t\n\t\t\t\n\n<h2><span style=\"font-size: 110%;\">Product Delivery<\/span><\/h2>\n<p>\u00a0<\/p>\n<p>After order confirmation, we ship the products within 1-2 business days.<\/p>\n<p><span style=\"font-size: 110%;\"><strong>Delivery in Lithuania:<\/strong><\/span><\/p>\n<p>You may select from a range of convenient delivery options:<\/p>\n<ul>\n<li><strong>LP Express Parcel Terminal<\/strong>: Delivery within 1-2 working days to the selected parcel terminal; Delivery fee - \u20ac3<\/li>\n<li><strong>Omniva Parcel Terminal<\/strong>: Delivery within 1-2 working days to the selected parcel terminal; Delivery fee - \u20ac3<\/li>\n<li><strong>DPD Parcel Terminal<\/strong>: Delivery within 1-2 working days to the selected parcel terminal; Delivery fee - \u20ac3<\/li>\n<li><strong>Lithuanian Post<\/strong>: Delivery within 3-5 working days to the nearest post office; Delivery fee - \u20ac3<\/li>\n<li><strong>Courier<\/strong>: Delivery within 1-2 working days to the chosen address; Delivery fee - \u20ac9 (excluding Kursiu Nerija)<\/li>\n<li><strong>Bus Parcel Service<\/strong>: siuntos pristatomas per 1-2 darbo dienas \u012f artimiausi\u0105 autobuso siunt\u0173 skyri\u0173; Pristatymo kaina &#8211; 5 Eur<\/li>\n<\/ul>\n<p><strong><span style=\"font-size: 110%;\">International Delivery:<\/span><\/strong>\n<\/p>\n<ul>\n<li><strong>Lithuanian Post Registered Priority Mail<\/strong>: siuntos ES \u0161alyse pristatomos per 6-8 darbo dienas; Ne ES \u0161alyse &#8211; per 8-20 darbo dien\u0173. Pristatymo kaina &#8211; 8 Eur<\/li>\n<\/ul>\n<\/li>\n<\/ul>\n<p>Product return terms and conditions could be found in <a href=\"https:\/\/amberell.lt\/en\/salygos-ir-taisykles\/\">\"Terms and Conditions\"<\/a><\/p>\n\n\n\t\t<\/div>\n\t\t\t\t\t<\/div>\n\n\t\n\n\n<style>\n#row-220827715 > .col > .col-inner {\n  padding: 50px 0px 0px 0px;\n}\n<\/style>\n<\/div>\n\t<div id=\"gap-1011103354\" class=\"gap-element clearfix hide-for-medium\" style=\"display:block; height:auto;\">\n\t\t\n<style>\n#gap-1011103354 {\n  padding-top: 30px;\n}\n<\/style>\n\t<\/div>\n\t\n\n\n\t<section class=\"section\" id=\"section_1245461280\">\n\t\t<div class=\"section-bg fill\" >\n\t\t\t\t\t\t\t\t\t\n\t\t\t\n\t<div class=\"is-border\"\n\t\tstyle=\"border-color:rgb(244, 243, 240);border-width:1px 0px 0px 0px;\">\n\t<\/div>\n\n\t\t<\/div>\n\n\t\t\n\n\t\t<div class=\"section-content relative\">\n\t\t\t\n\n<div class=\"row align-equal align-center\"  id=\"row-301147051\">\n\n\n\t<div id=\"col-886910861\" class=\"col small-12 large-12\"  >\n\t\t\t\t<div class=\"col-inner text-center\"  >\n\t\t\t\n\t\t\t\n\n<h2>Follow us on Facebook<\/h2>\n<p>Check out our latest collections, inspiration, and exclusive offers! <a class=\"amber-link\" href=\"https:\/\/www.facebook.com\/Amberellpapuosalai\" target=\"_blank\" rel=\"noopener\">@Amberell Papuo\u0161alai<\/a><\/p>\n\t<div id=\"gap-36256793\" class=\"gap-element clearfix\" style=\"display:block; height:auto;\">\n\t\t\n<style>\n#gap-36256793 {\n  padding-top: 30px;\n}\n<\/style>\n\t<\/div>\n\t\n\n\n\t\t<\/div>\n\t\t\t\t\t<\/div>\n\n\t\n\n<\/div>\n  <div class=\"banner-grid-wrapper\">\n  <div id=\"banner-grid-435729290\" class=\"banner-grid row row-grid row-small\" data-packery-options=\"\">\n                      \n\n<div class=\"col grid-col medium-6 small-12 large-4 grid-col-1\" ><div class=\"col-inner\">\n\n\n  <div class=\"banner has-hover has-video\" id=\"banner-1213406322\">\n          <div class=\"banner-inner fill\">\n        <div class=\"banner-bg fill\" >\n                        \t<div class=\"video-overlay no-click fill visible\"><\/div>\n\t<video class=\"video-bg fill visible\" preload playsinline autoplay muted loop>\n\t\t<source src=\"https:\/\/amberell.lt\/wp-content\/uploads\/2026\/01\/Img-0694.mp4\" type=\"video\/mp4\">\t<\/video>\n                        \n                    <\/div>\n\t\t\n        <div class=\"banner-layers container\">\n            <div class=\"fill banner-link\"><\/div>            \n\n   <div id=\"text-box-75393854\" class=\"text-box banner-layer x50 md-x50 lg-x50 y50 md-y50 lg-y50 res-text\">\n                                <div class=\"text-box-content text dark\">\n              \n              <div class=\"text-inner text-center\">\n                  \n\n\n              <\/div>\n           <\/div>\n                            \n<style>\n#text-box-75393854 {\n  width: 60%;\n}\n#text-box-75393854 .text-box-content {\n  font-size: 100%;\n}\n@media (min-width:550px) {\n  #text-box-75393854 {\n    width: 60%;\n  }\n}\n<\/style>\n    <\/div>\n \n\n        <\/div>\n      <\/div>\n\n            \n<style>\n#banner-1213406322 {\n  padding-top: 100%;\n}\n@media (min-width:550px) {\n  #banner-1213406322 {\n    padding-top: 400px;\n  }\n}\n<\/style>\n  <\/div>\n\n\n\n<\/div><\/div>\n<div class=\"col grid-col medium-3 small-6 large-2 grid-col-1-2\" ><div class=\"col-inner\">\n\n\n  <div class=\"banner has-hover\" id=\"banner-77014115\">\n          <div class=\"banner-inner fill\">\n        <div class=\"banner-bg fill\" >\n            <img loading=\"lazy\" decoding=\"async\" width=\"978\" height=\"1024\" src=\"https:\/\/amberell.lt\/wp-content\/uploads\/2024\/12\/DSC04346e-978x1024.webp\" class=\"bg attachment-large size-large\" alt=\"gintaro grynuolis\" \/>                                    \n                    <\/div>\n\t\t\n        <div class=\"banner-layers container\">\n            <div class=\"fill banner-link\"><\/div>            \n\n   <div id=\"text-box-1916427561\" class=\"text-box banner-layer x50 md-x50 lg-x50 y50 md-y50 lg-y50 res-text\">\n                                <div class=\"text-box-content text dark\">\n              \n              <div class=\"text-inner text-center\">\n                  \n\n\n              <\/div>\n           <\/div>\n                            \n<style>\n#text-box-1916427561 {\n  width: 60%;\n}\n#text-box-1916427561 .text-box-content {\n  font-size: 100%;\n}\n@media (min-width:550px) {\n  #text-box-1916427561 {\n    width: 60%;\n  }\n}\n<\/style>\n    <\/div>\n \n\n        <\/div>\n      <\/div>\n\n            \n<style>\n#banner-77014115 {\n  padding-top: 200px;\n}\n<\/style>\n  <\/div>\n\n\n\n<\/div><\/div>\n<div class=\"col grid-col medium-3 small-6 large-2 grid-col-1-2\" ><div class=\"col-inner\">\n\n\n  <div class=\"banner has-hover\" id=\"banner-1800867790\">\n          <div class=\"banner-inner fill\">\n        <div class=\"banner-bg fill\" >\n            <img loading=\"lazy\" decoding=\"async\" width=\"1020\" height=\"1003\" src=\"https:\/\/amberell.lt\/wp-content\/uploads\/2025\/01\/DSC01497-1024x1007.jpg\" class=\"bg attachment-large size-large\" alt=\"Perl\u0173 komplektas\" \/>                                    \n                    <\/div>\n\t\t\n        <div class=\"banner-layers container\">\n            <div class=\"fill banner-link\"><\/div>            \n\n   <div id=\"text-box-209957956\" class=\"text-box banner-layer x50 md-x50 lg-x50 y50 md-y50 lg-y50 res-text\">\n                                <div class=\"text-box-content text dark\">\n              \n              <div class=\"text-inner text-center\">\n                  \n\n\n              <\/div>\n           <\/div>\n                            \n<style>\n#text-box-209957956 {\n  width: 60%;\n}\n#text-box-209957956 .text-box-content {\n  font-size: 100%;\n}\n@media (min-width:550px) {\n  #text-box-209957956 {\n    width: 60%;\n  }\n}\n<\/style>\n    <\/div>\n \n\n        <\/div>\n      <\/div>\n\n            \n<style>\n#banner-1800867790 {\n  padding-top: 500px;\n}\n<\/style>\n  <\/div>\n\n\n\n<\/div><\/div>\n<div class=\"col grid-col medium-6 small-12 large-4 grid-col-1\" ><div class=\"col-inner\">\n\n\n  <div class=\"banner has-hover has-video\" id=\"banner-2022952107\">\n          <div class=\"banner-inner fill\">\n        <div class=\"banner-bg fill\" >\n                        \t<div class=\"video-overlay no-click fill visible\"><\/div>\n\t<video class=\"video-bg fill visible\" preload playsinline autoplay muted loop>\n\t\t<source src=\"https:\/\/amberell.lt\/wp-content\/uploads\/2026\/01\/Edits-Apyrank-20250504-122643.mp4\" type=\"video\/mp4\">\t<\/video>\n                        \n                    <\/div>\n\t\t\n        <div class=\"banner-layers container\">\n            <div class=\"fill banner-link\"><\/div>            \n\n   <div id=\"text-box-385729278\" class=\"text-box banner-layer x50 md-x50 lg-x50 y50 md-y50 lg-y50 res-text\">\n                                <div class=\"text-box-content text dark\">\n              \n              <div class=\"text-inner text-center\">\n                  \n\n\n              <\/div>\n           <\/div>\n                            \n<style>\n#text-box-385729278 {\n  width: 60%;\n}\n#text-box-385729278 .text-box-content {\n  font-size: 100%;\n}\n@media (min-width:550px) {\n  #text-box-385729278 {\n    width: 60%;\n  }\n}\n<\/style>\n    <\/div>\n \n\n        <\/div>\n      <\/div>\n\n            \n<style>\n#banner-2022952107 {\n  padding-top: 500px;\n}\n<\/style>\n  <\/div>\n\n\n\n<\/div><\/div>\n<div class=\"col grid-col medium-3 small-6 large-2 grid-col-1-2\" ><div class=\"col-inner\">\n\n\n  <div class=\"banner has-hover\" id=\"banner-855206274\">\n          <div class=\"banner-inner fill\">\n        <div class=\"banner-bg fill\" >\n            <img loading=\"lazy\" decoding=\"async\" width=\"1020\" height=\"1020\" src=\"https:\/\/amberell.lt\/wp-content\/uploads\/2025\/06\/Lavos-akmens-apyranke-5-scaled.jpg\" class=\"bg attachment-large size-large\" alt=\"Lavos akmens apyrank\u0117 su agatu\" \/>                                    \n                    <\/div>\n\t\t\n        <div class=\"banner-layers container\">\n            <div class=\"fill banner-link\"><\/div>            \n\n   <div id=\"text-box-508115027\" class=\"text-box banner-layer x50 md-x50 lg-x50 y50 md-y50 lg-y50 res-text\">\n                                <div class=\"text-box-content text dark\">\n              \n              <div class=\"text-inner text-center\">\n                  \n\n\n              <\/div>\n           <\/div>\n                            \n<style>\n#text-box-508115027 {\n  width: 60%;\n}\n#text-box-508115027 .text-box-content {\n  font-size: 100%;\n}\n@media (min-width:550px) {\n  #text-box-508115027 {\n    width: 60%;\n  }\n}\n<\/style>\n    <\/div>\n \n\n        <\/div>\n      <\/div>\n\n            \n<style>\n#banner-855206274 {\n  padding-top: 500px;\n}\n<\/style>\n  <\/div>\n\n\n\n<\/div><\/div>\n<div class=\"col grid-col medium-3 small-6 large-2 grid-col-1-2\" ><div class=\"col-inner\">\n\n\n  <div class=\"banner has-hover\" id=\"banner-2002689054\">\n          <div class=\"banner-inner fill\">\n        <div class=\"banner-bg fill\" >\n            <img loading=\"lazy\" decoding=\"async\" width=\"982\" height=\"1024\" src=\"https:\/\/amberell.lt\/wp-content\/uploads\/2024\/12\/DSC01994e-982x1024.jpg\" class=\"bg attachment-large size-large\" alt=\"Gintaro laikrodis\" \/>                                    \n                    <\/div>\n\t\t\n        <div class=\"banner-layers container\">\n            <div class=\"fill banner-link\"><\/div>            \n\n   <div id=\"text-box-1785469143\" class=\"text-box banner-layer x50 md-x50 lg-x50 y50 md-y50 lg-y50 res-text\">\n                                <div class=\"text-box-content text dark\">\n              \n              <div class=\"text-inner text-center\">\n                  \n\n\n              <\/div>\n           <\/div>\n                            \n<style>\n#text-box-1785469143 {\n  width: 60%;\n}\n#text-box-1785469143 .text-box-content {\n  font-size: 100%;\n}\n@media (min-width:550px) {\n  #text-box-1785469143 {\n    width: 60%;\n  }\n}\n<\/style>\n    <\/div>\n \n\n        <\/div>\n      <\/div>\n\n            \n<style>\n#banner-2002689054 {\n  padding-top: 500px;\n}\n<\/style>\n  <\/div>\n\n\n\n<\/div><\/div>\n\n            <\/div>\n    <style>\n    #banner-grid-435729290 .grid-col-1{height: 400px}\n    #banner-grid-435729290 .grid-col-1-2{height: 200px}\n    #banner-grid-435729290 .grid-col-1-3{height:133.33333333333px}\n    #banner-grid-435729290 .grid-col-2-3{height: 266.66666666667px}\n    #banner-grid-435729290 .grid-col-1-4{height: 100px}\n    #banner-grid-435729290 .grid-col-3-4{height: 300px}\n\n\n        \/* Tablet *\/\n    @media (max-width: 850px){\n      #banner-grid-435729290 .grid-col-1{height: 500px}\n      #banner-grid-435729290 .grid-col-1-2{height: 250px}\n      #banner-grid-435729290 .grid-col-1-3{height:166.66666666667px}\n      #banner-grid-435729290 .grid-col-2-3{height: 333.33333333333px}\n      #banner-grid-435729290 .grid-col-1-4{height: 125px}\n      #banner-grid-435729290 .grid-col-3-4{height: 375px}\n    }\n    \n        \/* Mobile *\/\n    @media (max-width: 550px){\n      #banner-grid-435729290 .grid-col-1{height: 400px}\n      #banner-grid-435729290 .grid-col-1-2{height: 200px}\n      #banner-grid-435729290 .grid-col-1-3{height:133.33333333333px}\n      #banner-grid-435729290 .grid-col-2-3{height: 266.66666666667px}\n      #banner-grid-435729290 .grid-col-1-4{height: 100px}\n      #banner-grid-435729290 .grid-col-3-4{height: 300px}\n    }\n    \n\n  <\/style>\n    <\/div>\n  \n\n\t\t<\/div>\n\n\t\t\n<style>\n#section_1245461280 {\n  padding-top: 80px;\n  padding-bottom: 80px;\n}\n<\/style>\n\t<\/section>","protected":false},"excerpt":{"rendered":"","protected":false},"author":1,"featured_media":0,"parent":0,"menu_order":0,"comment_status":"closed","ping_status":"closed","template":"page-blank.php","meta":{"footnotes":""},"class_list":["post-46","page","type-page","status-publish","hentry"],"_links":{"self":[{"href":"https:\/\/amberell.lt\/en\/wp-json\/wp\/v2\/pages\/46","targetHints":{"allow":["GET"]}}],"collection":[{"href":"https:\/\/amberell.lt\/en\/wp-json\/wp\/v2\/pages"}],"about":[{"href":"https:\/\/amberell.lt\/en\/wp-json\/wp\/v2\/types\/page"}],"author":[{"embeddable":true,"href":"https:\/\/amberell.lt\/en\/wp-json\/wp\/v2\/users\/1"}],"replies":[{"embeddable":true,"href":"https:\/\/amberell.lt\/en\/wp-json\/wp\/v2\/comments?post=46"}],"version-history":[{"count":0,"href":"https:\/\/amberell.lt\/en\/wp-json\/wp\/v2\/pages\/46\/revisions"}],"wp:attachment":[{"href":"https:\/\/amberell.lt\/en\/wp-json\/wp\/v2\/media?parent=46"}],"curies":[{"name":"wp","href":"https:\/\/api.w.org\/{rel}","templated":true}]}}