{"id":1144,"date":"2024-12-04T18:28:17","date_gmt":"2024-12-04T18:28:17","guid":{"rendered":"https:\/\/amberell.lt\/?page_id=1144"},"modified":"2025-02-09T18:53:31","modified_gmt":"2025-02-09T18:53:31","slug":"duk","status":"publish","type":"page","link":"https:\/\/amberell.lt\/en\/duk\/","title":{"rendered":"FAQ"},"content":{"rendered":"<section class=\"section\" id=\"section_807159271\">\n\t\t<div class=\"section-bg fill\" >\n\t\t\t<img loading=\"lazy\" decoding=\"async\" width=\"1717\" height=\"1733\" src=\"https:\/\/amberell.lt\/wp-content\/uploads\/2024\/12\/DSC02001.jpg\" class=\"bg attachment- size-\" alt=\"Gintaro grynuolis\" \/>\t\t\t\t\t\t\n\t\t\t\n\n\t\t<\/div>\n\n\t\t\n\n\t\t<div class=\"section-content relative\">\n\t\t\t\n\n<div class=\"row align-center\"  id=\"row-1280805755\">\n\n\n\t<div id=\"col-1360138628\" class=\"col medium-10 small-12 large-9\"  >\n\t\t\t\t<div class=\"col-inner text-center\"  >\n\t\t\t\n\t\t\t\n\n<h6 data-text-color=\"success\">Support<\/h6>\n<h2 style=\"font-size: 240%;\">Common Questions<\/h2>\n<p>Sveiki atvyk\u0119 \u012f m\u016bs\u0173 DUK (da\u017eniausiai u\u017eduodam\u0173 klausim\u0173) puslap\u012f! \u010cia rasite atsakymus \u012f da\u017eniausiai u\u017eduodamus klausimus apie m\u016bs\u0173 papuo\u0161alus \u2013 nuo gamini\u0173 detali\u0173 ir pristatymo iki prie\u017ei\u016bros patarim\u0173. Nerandate, ko ie\u0161kote? Susisiekite info@amberell.lt<\/p>\n\n\n\t\t<\/div>\n\t\t\t\t\n<style>\n#col-1360138628 > .col-inner {\n  padding: 40px 0px 0px 0px;\n}\n<\/style>\n\t<\/div>\n\n\t\n\n<\/div>\n<div class=\"row align-center row-box-shadow-3\"  id=\"row-1197214306\">\n\n\n\t<div id=\"col-946690580\" class=\"col medium-10 small-11 large-7\"  >\n\t\t\t\t<div class=\"col-inner text-left\" style=\"background-color:rgb(250, 250, 250);\" >\n\t\t\t\n\t\t\t\n\n<div class=\"accordion\">\n\n\t<div id=\"accordion-803462413\" class=\"accordion-item\">\n\t\t<a id=\"accordion-803462413-label\" class=\"accordion-title plain\" href=\"#accordion-item-ar-siun\u010diate-tarptautiniu-mastu?\" aria-expanded=\"false\" aria-controls=\"accordion-803462413-content\">\n\t\t\t<button class=\"toggle\" aria-label=\"Toggle\"><i class=\"icon-angle-down\" aria-hidden=\"true\"><\/i><\/button>\n\t\t\t<span>Do you ship internationally?<\/span>\n\t\t<\/a>\n\t\t<div id=\"accordion-803462413-content\" class=\"accordion-inner\" aria-labelledby=\"accordion-803462413-label\">\n\t\t\t\n\n<p>Taip, mes siun\u010diame \u012f daugel\u012f \u0161ali\u0173. Pristatymo kaina priklauso nuo pasirinkto pristatymo b\u016bdo. Daugiau informacijos rasite skiltyje &#8222;Pristatymas&#8221;.<\/p>\n\n\t\t<\/div>\n\t<\/div>\n\t\n\t<div id=\"accordion-858128557\" class=\"accordion-item\">\n\t\t<a id=\"accordion-858128557-label\" class=\"accordion-title plain\" href=\"#accordion-item-ar-turite-fizin\u0119-parduotuv\u0119?\" aria-expanded=\"false\" aria-controls=\"accordion-858128557-content\">\n\t\t\t<button class=\"toggle\" aria-label=\"Toggle\"><i class=\"icon-angle-down\" aria-hidden=\"true\"><\/i><\/button>\n\t\t\t<span>Do you have a physical store?<\/span>\n\t\t<\/a>\n\t\t<div id=\"accordion-858128557-content\" class=\"accordion-inner\" aria-labelledby=\"accordion-858128557-label\">\n\t\t\t\n\n<p>No, currently our jewelry is only available online, with the option for exchanges or returns. For more information about our return or exchange policies, please visit the \"Terms and Conditions\" section.<\/p>\n\n\t\t<\/div>\n\t<\/div>\n\t\n\t<div id=\"accordion-1182527207\" class=\"accordion-item\">\n\t\t<a id=\"accordion-1182527207-label\" class=\"accordion-title plain\" href=\"#accordion-item-kaip-j\u016bs\u0173-papuo\u0161alai-supakuojami?\" aria-expanded=\"false\" aria-controls=\"accordion-1182527207-content\">\n\t\t\t<button class=\"toggle\" aria-label=\"Toggle\"><i class=\"icon-angle-down\" aria-hidden=\"true\"><\/i><\/button>\n\t\t\t<span>How are your jewelry items packaged?<\/span>\n\t\t<\/a>\n\t\t<div id=\"accordion-1182527207-content\" class=\"accordion-inner\" aria-labelledby=\"accordion-1182527207-label\">\n\t\t\t\n\n<p>Our jewelry is carefully packaged in original Amberell boxes and is gift-ready.<\/p>\n\n\n\t\t<\/div>\n\t<\/div>\n\t\n\t<div id=\"accordion-4111936265\" class=\"accordion-item\">\n\t\t<a id=\"accordion-4111936265-label\" class=\"accordion-title plain\" href=\"#accordion-item-kada-gausiu-savo-siunt\u0105?\" aria-expanded=\"false\" aria-controls=\"accordion-4111936265-content\">\n\t\t\t<button class=\"toggle\" aria-label=\"Toggle\"><i class=\"icon-angle-down\" aria-hidden=\"true\"><\/i><\/button>\n\t\t\t<span>When will I receive my order?<\/span>\n\t\t<\/a>\n\t\t<div id=\"accordion-4111936265-content\" class=\"accordion-inner\" aria-labelledby=\"accordion-4111936265-label\">\n\t\t\t\n\n<p>Your order will be shipped within 1-2 business days. The delivery time depends on the shipping method you choose. For more information, please refer to the \"Shipping\" section.<\/p>\n\n\n\t\t<\/div>\n\t<\/div>\n\t\n\t<div id=\"accordion-195247110\" class=\"accordion-item\">\n\t\t<a id=\"accordion-195247110-label\" class=\"accordion-title plain\" href=\"#accordion-item-kokia-j\u016bs\u0173-gr\u0105\u017einimo-politika?\" aria-expanded=\"false\" aria-controls=\"accordion-195247110-content\">\n\t\t\t<button class=\"toggle\" aria-label=\"Toggle\"><i class=\"icon-angle-down\" aria-hidden=\"true\"><\/i><\/button>\n\t\t\t<span>What is your return policy?<\/span>\n\t\t<\/a>\n\t\t<div id=\"accordion-195247110-content\" class=\"accordion-inner\" aria-labelledby=\"accordion-195247110-label\">\n\t\t\t\n\n<p>We accept returns within 30 days of purchase, provided the item is in its original condition. You can find the detailed return policy in the \"Terms and Conditions\" section.<\/p>\n\n\t\t<\/div>\n\t<\/div>\n\t\n\t<div id=\"accordion-3957694832\" class=\"accordion-item\">\n\t\t<a id=\"accordion-3957694832-label\" class=\"accordion-title plain\" href=\"#accordion-item-kaip-pri\u017ei\u016br\u0117ti-j\u016bs\u0173-papuo\u0161alus?\" aria-expanded=\"false\" aria-controls=\"accordion-3957694832-content\">\n\t\t\t<button class=\"toggle\" aria-label=\"Toggle\"><i class=\"icon-angle-down\" aria-hidden=\"true\"><\/i><\/button>\n\t\t\t<span>How to take care of your jewelry?<\/span>\n\t\t<\/a>\n\t\t<div id=\"accordion-3957694832-content\" class=\"accordion-inner\" aria-labelledby=\"accordion-3957694832-label\">\n\t\t\t\n\n<div class=\"row\"  id=\"row-295431386\">\n\n\n\t<div id=\"col-198547764\" class=\"col medium-4 small-12 large-4\"  >\n\t\t\t\t<div class=\"col-inner\"  >\n\t\t\t\n\t\t\t\n\n\t<div id=\"text-739883697\" class=\"text\">\n\t\t\n\n<h2 class=\"uppercase\">Amber<\/h2>\n<p>Avoid contact with chemicals, high heat, impacts, and rough surfaces. Clean with a soft cloth and store separately to prevent scratching.<\/p>\n\t\t\n<style>\n#text-739883697 {\n  font-size: 0.9rem;\n  line-height: 1.29;\n  text-align: center;\n}\n<\/style>\n\t<\/div>\n\t\n\n\t\t<\/div>\n\t\t\t\t\t<\/div>\n\n\t\n\n\t<div id=\"col-1658531477\" class=\"col medium-4 small-12 large-4\"  >\n\t\t\t\t<div class=\"col-inner\"  >\n\t\t\t\n\t\t\t\n\n\t<div id=\"text-2514473063\" class=\"text\">\n\t\t\n\n<h2 class=\"uppercase\">Pearls<\/h2>\n<p>Avoid prolonged contact with water and chemicals. Store separately from other jewelry to prevent scratches.  <\/p>\n\t\t\n<style>\n#text-2514473063 {\n  font-size: 0.95rem;\n  line-height: 1.34;\n  text-align: center;\n}\n<\/style>\n\t<\/div>\n\t\n\n\t\t<\/div>\n\t\t\t\t\t<\/div>\n\n\t\n\n\t<div id=\"col-385712729\" class=\"col medium-4 small-12 large-4\"  >\n\t\t\t\t<div class=\"col-inner\"  >\n\t\t\t\n\t\t\t\n\n\t<div id=\"text-457157150\" class=\"text\">\n\t\t\n\n<h2 class=\"uppercase\">Stones<\/h2>\n<p> Avoid impacts and scratches, store separately from other jewelry. Keep away from chemicals and clean with a soft cloth. <\/p>\n\t\t\n<style>\n#text-457157150 {\n  line-height: 1.13;\n  text-align: center;\n}\n<\/style>\n\t<\/div>\n\t\n\n\t\t<\/div>\n\t\t\t\t\t<\/div>\n\n\t\n\n<\/div>\n\n\t\t<\/div>\n\t<\/div>\n\t\n\t<div id=\"accordion-400439391\" class=\"accordion-item\">\n\t\t<a id=\"accordion-400439391-label\" class=\"accordion-title plain\" href=\"#accordion-item-ar-j\u016bs\u0173-perlai-ar-gintaras-yra-tikri?\" aria-expanded=\"false\" aria-controls=\"accordion-400439391-content\">\n\t\t\t<button class=\"toggle\" aria-label=\"Toggle\"><i class=\"icon-angle-down\" aria-hidden=\"true\"><\/i><\/button>\n\t\t\t<span>Are your pearls and amber real?<\/span>\n\t\t<\/a>\n\t\t<div id=\"accordion-400439391-content\" class=\"accordion-inner\" aria-labelledby=\"accordion-400439391-label\">\n\t\t\t\n\n<p>Yes, we make our jewelry using only 100% natural pearls, amber, and stones. We do not use synthetic materials or substitutes.<\/p>\n\n\n\t\t<\/div>\n\t<\/div>\n\t\n\t<div id=\"accordion-642006355\" class=\"accordion-item\">\n\t\t<a id=\"accordion-642006355-label\" class=\"accordion-title plain\" href=\"#accordion-item-kas-yra-perlai-ir-kaip-jie-susiformuoja?\" aria-expanded=\"false\" aria-controls=\"accordion-642006355-content\">\n\t\t\t<button class=\"toggle\" aria-label=\"Toggle\"><i class=\"icon-angle-down\" aria-hidden=\"true\"><\/i><\/button>\n\t\t\t<span>What are pearls and how do they form?<\/span>\n\t\t<\/a>\n\t\t<div id=\"accordion-642006355-content\" class=\"accordion-inner\" aria-labelledby=\"accordion-642006355-label\">\n\t\t\t\n\n<p>Pearls are natural gemstones that form in mollusks when a foreign object, such as a grain of sand or a parasite, enters the mollusk's shell. The mollusk produces a substance called nacre (layers of calcium carbonate) to protect itself. Over time, these layers accumulate and form the pearl.<\/p>\n\n\t\t<\/div>\n\t<\/div>\n\t\n\t<div id=\"accordion-3985465236\" class=\"accordion-item\">\n\t\t<a id=\"accordion-3985465236-label\" class=\"accordion-title plain\" href=\"#accordion-item-kas-yra-gintaras-ir-kaip-jis-susiformuoja?\" aria-expanded=\"false\" aria-controls=\"accordion-3985465236-content\">\n\t\t\t<button class=\"toggle\" aria-label=\"Toggle\"><i class=\"icon-angle-down\" aria-hidden=\"true\"><\/i><\/button>\n\t\t\t<span>What is amber, and how is it formed?<\/span>\n\t\t<\/a>\n\t\t<div id=\"accordion-3985465236-content\" class=\"accordion-inner\" aria-labelledby=\"accordion-3985465236-label\">\n\t\t\t\n\n<p>Amber is fossilized tree resin that has formed and hardened over millions of years. It is known for its warm hues and unique patterns, making each piece one of a kind. Baltic amber is distinguished by its high content of succinic acid, which is considered beneficial and has a unique heat-retaining property.<\/p>\n\n\t\t<\/div>\n\t<\/div>\n\t\n\n<\/div>\n\n\t\t<\/div>\n\t\t\t\t\n<style>\n#col-946690580 > .col-inner {\n  border-radius: 53px;\n}\n<\/style>\n\t<\/div>\n\n\t\n\n\n<style>\n#row-1197214306 > .col > .col-inner {\n  padding: 40px 0px 40px 0px;\n}\n@media (min-width:550px) {\n  #row-1197214306 > .col > .col-inner {\n    padding: 0px 40px 15px 40px;\n  }\n}\n<\/style>\n<\/div>\n<div class=\"row align-center\"  id=\"row-2081363482\">\n\n\n\t<div id=\"col-781461254\" class=\"col medium-10 small-10 large-9\"  >\n\t\t\t\t<div class=\"col-inner text-center\"  >\n\t\t\t\n\t\t\t\n\n\t<div id=\"text-1503704733\" class=\"text\">\n\t\t\n\n<h2 >More questions<\/h2>\n<p>M\u016bs\u0173 komanda pasiruo\u0161usi Jums pad\u0117ti.<\/p>\n\n\t\t\n<style>\n#text-1503704733 {\n  color: rgb(255, 255, 255);\n}\n#text-1503704733 > * {\n  color: rgb(255, 255, 255);\n}\n<\/style>\n\t<\/div>\n\t\n<a href=\"https:\/\/amberell.lt\/en\/kontaktai\/\" class=\"button primary lowercase\" >\n\t\t<span>Get in Touch<\/span>\n\t<\/a>\n\n\n\n\t\t<\/div>\n\t\t\t\t\n<style>\n#col-781461254 > .col-inner {\n  padding: 0px 0px 0px 0px;\n}\n<\/style>\n\t<\/div>\n\n\t\n\n<\/div>\n\n\t\t<\/div>\n\n\t\t\n<style>\n#section_807159271 {\n  padding-top: 30px;\n  padding-bottom: 30px;\n}\n#section_807159271 .section-bg img {\n  object-position: 22% 28%;\n}\n<\/style>\n\t<\/section>\n\t\n\n\t<section class=\"section\" id=\"section_1812475344\">\n\t\t<div class=\"section-bg fill\" >\n\t\t\t\t\t\t\t\t\t\n\t\t\t\n\t<div class=\"is-border\"\n\t\tstyle=\"border-color:rgb(244, 243, 240);border-width:1px 0px 0px 0px;\">\n\t<\/div>\n\n\t\t<\/div>\n\n\t\t\n\n\t\t<div class=\"section-content relative\">\n\t\t\t\n\n<div class=\"row align-equal align-center\"  id=\"row-1631934262\">\n\n\n\t<div id=\"col-386116227\" class=\"col small-12 large-12\"  >\n\t\t\t\t<div class=\"col-inner text-center\"  >\n\t\t\t\n\t\t\t\n\n<h2>Follow us on Facebook<\/h2>\n<p>Check out our latest collections, inspiration, and exclusive offers! <a class=\"amber-link\" href=\"https:\/\/www.facebook.com\/Amberellpapuosalai\" target=\"_blank\" rel=\"noopener\">@Amberell Papuo\u0161alai<\/a><\/p>\n\t<div id=\"gap-1860847043\" class=\"gap-element clearfix\" style=\"display:block; height:auto;\">\n\t\t\n<style>\n#gap-1860847043 {\n  padding-top: 30px;\n}\n<\/style>\n\t<\/div>\n\t\n\n\n\t\t<\/div>\n\t\t\t\t\t<\/div>\n\n\t\n\n<\/div>\n  <div class=\"banner-grid-wrapper\">\n  <div id=\"banner-grid-1970069248\" class=\"banner-grid row row-grid row-small\" data-packery-options=\"\">\n                      \n\n<div class=\"col grid-col medium-6 small-12 large-4 grid-col-1\" ><div class=\"col-inner\">\n\n\n  <div class=\"banner has-hover has-video\" id=\"banner-906926082\">\n          <div class=\"banner-inner fill\">\n        <div class=\"banner-bg fill\" >\n                        \t<div class=\"video-overlay no-click fill visible\"><\/div>\n\t<video class=\"video-bg fill visible\" preload playsinline autoplay muted loop>\n\t\t<source src=\"https:\/\/amberell.lt\/wp-content\/uploads\/2026\/01\/Img-0694.mp4\" type=\"video\/mp4\">\t<\/video>\n                        \n                    <\/div>\n\t\t\n        <div class=\"banner-layers container\">\n            <div class=\"fill banner-link\"><\/div>            \n\n   <div id=\"text-box-835775706\" class=\"text-box banner-layer x50 md-x50 lg-x50 y50 md-y50 lg-y50 res-text\">\n                                <div class=\"text-box-content text dark\">\n              \n              <div class=\"text-inner text-center\">\n                  \n\n\n              <\/div>\n           <\/div>\n                            \n<style>\n#text-box-835775706 {\n  width: 60%;\n}\n#text-box-835775706 .text-box-content {\n  font-size: 100%;\n}\n@media (min-width:550px) {\n  #text-box-835775706 {\n    width: 60%;\n  }\n}\n<\/style>\n    <\/div>\n \n\n        <\/div>\n      <\/div>\n\n            \n<style>\n#banner-906926082 {\n  padding-top: 100%;\n}\n@media (min-width:550px) {\n  #banner-906926082 {\n    padding-top: 400px;\n  }\n}\n<\/style>\n  <\/div>\n\n\n\n<\/div><\/div>\n<div class=\"col grid-col medium-3 small-6 large-2 grid-col-1-2\" ><div class=\"col-inner\">\n\n\n  <div class=\"banner has-hover\" id=\"banner-1097003493\">\n          <div class=\"banner-inner fill\">\n        <div class=\"banner-bg fill\" >\n            <img loading=\"lazy\" decoding=\"async\" width=\"978\" height=\"1024\" src=\"https:\/\/amberell.lt\/wp-content\/uploads\/2024\/12\/DSC04346e-978x1024.webp\" class=\"bg attachment-large size-large\" alt=\"gintaro grynuolis\" \/>                                    \n                    <\/div>\n\t\t\n        <div class=\"banner-layers container\">\n            <div class=\"fill banner-link\"><\/div>            \n\n   <div id=\"text-box-2114237164\" class=\"text-box banner-layer x50 md-x50 lg-x50 y50 md-y50 lg-y50 res-text\">\n                                <div class=\"text-box-content text dark\">\n              \n              <div class=\"text-inner text-center\">\n                  \n\n\n              <\/div>\n           <\/div>\n                            \n<style>\n#text-box-2114237164 {\n  width: 60%;\n}\n#text-box-2114237164 .text-box-content {\n  font-size: 100%;\n}\n@media (min-width:550px) {\n  #text-box-2114237164 {\n    width: 60%;\n  }\n}\n<\/style>\n    <\/div>\n \n\n        <\/div>\n      <\/div>\n\n            \n<style>\n#banner-1097003493 {\n  padding-top: 200px;\n}\n<\/style>\n  <\/div>\n\n\n\n<\/div><\/div>\n<div class=\"col grid-col medium-3 small-6 large-2 grid-col-1-2\" ><div class=\"col-inner\">\n\n\n  <div class=\"banner has-hover\" id=\"banner-341990910\">\n          <div class=\"banner-inner fill\">\n        <div class=\"banner-bg fill\" >\n            <img loading=\"lazy\" decoding=\"async\" width=\"1020\" height=\"1003\" src=\"https:\/\/amberell.lt\/wp-content\/uploads\/2025\/01\/DSC01497-1024x1007.jpg\" class=\"bg attachment-large size-large\" alt=\"Perl\u0173 komplektas\" \/>                                    \n                    <\/div>\n\t\t\n        <div class=\"banner-layers container\">\n            <div class=\"fill banner-link\"><\/div>            \n\n   <div id=\"text-box-1266223931\" class=\"text-box banner-layer x50 md-x50 lg-x50 y50 md-y50 lg-y50 res-text\">\n                                <div class=\"text-box-content text dark\">\n              \n              <div class=\"text-inner text-center\">\n                  \n\n\n              <\/div>\n           <\/div>\n                            \n<style>\n#text-box-1266223931 {\n  width: 60%;\n}\n#text-box-1266223931 .text-box-content {\n  font-size: 100%;\n}\n@media (min-width:550px) {\n  #text-box-1266223931 {\n    width: 60%;\n  }\n}\n<\/style>\n    <\/div>\n \n\n        <\/div>\n      <\/div>\n\n            \n<style>\n#banner-341990910 {\n  padding-top: 500px;\n}\n<\/style>\n  <\/div>\n\n\n\n<\/div><\/div>\n<div class=\"col grid-col medium-6 small-12 large-4 grid-col-1\" ><div class=\"col-inner\">\n\n\n  <div class=\"banner has-hover has-video\" id=\"banner-1880448218\">\n          <div class=\"banner-inner fill\">\n        <div class=\"banner-bg fill\" >\n                        \t<div class=\"video-overlay no-click fill visible\"><\/div>\n\t<video class=\"video-bg fill visible\" preload playsinline autoplay muted loop>\n\t\t<source src=\"https:\/\/amberell.lt\/wp-content\/uploads\/2026\/01\/Edits-Apyrank-20250504-122643.mp4\" type=\"video\/mp4\">\t<\/video>\n                        \n                    <\/div>\n\t\t\n        <div class=\"banner-layers container\">\n            <div class=\"fill banner-link\"><\/div>            \n\n   <div id=\"text-box-45846457\" class=\"text-box banner-layer x50 md-x50 lg-x50 y50 md-y50 lg-y50 res-text\">\n                                <div class=\"text-box-content text dark\">\n              \n              <div class=\"text-inner text-center\">\n                  \n\n\n              <\/div>\n           <\/div>\n                            \n<style>\n#text-box-45846457 {\n  width: 60%;\n}\n#text-box-45846457 .text-box-content {\n  font-size: 100%;\n}\n@media (min-width:550px) {\n  #text-box-45846457 {\n    width: 60%;\n  }\n}\n<\/style>\n    <\/div>\n \n\n        <\/div>\n      <\/div>\n\n            \n<style>\n#banner-1880448218 {\n  padding-top: 500px;\n}\n<\/style>\n  <\/div>\n\n\n\n<\/div><\/div>\n<div class=\"col grid-col medium-3 small-6 large-2 grid-col-1-2\" ><div class=\"col-inner\">\n\n\n  <div class=\"banner has-hover\" id=\"banner-632881730\">\n          <div class=\"banner-inner fill\">\n        <div class=\"banner-bg fill\" >\n            <img loading=\"lazy\" decoding=\"async\" width=\"1020\" height=\"1020\" src=\"https:\/\/amberell.lt\/wp-content\/uploads\/2025\/06\/Lavos-akmens-apyranke-5-scaled.jpg\" class=\"bg attachment-large size-large\" alt=\"Lavos akmens apyrank\u0117 su agatu\" \/>                                    \n                    <\/div>\n\t\t\n        <div class=\"banner-layers container\">\n            <div class=\"fill banner-link\"><\/div>            \n\n   <div id=\"text-box-272113760\" class=\"text-box banner-layer x50 md-x50 lg-x50 y50 md-y50 lg-y50 res-text\">\n                                <div class=\"text-box-content text dark\">\n              \n              <div class=\"text-inner text-center\">\n                  \n\n\n              <\/div>\n           <\/div>\n                            \n<style>\n#text-box-272113760 {\n  width: 60%;\n}\n#text-box-272113760 .text-box-content {\n  font-size: 100%;\n}\n@media (min-width:550px) {\n  #text-box-272113760 {\n    width: 60%;\n  }\n}\n<\/style>\n    <\/div>\n \n\n        <\/div>\n      <\/div>\n\n            \n<style>\n#banner-632881730 {\n  padding-top: 500px;\n}\n<\/style>\n  <\/div>\n\n\n\n<\/div><\/div>\n<div class=\"col grid-col medium-3 small-6 large-2 grid-col-1-2\" ><div class=\"col-inner\">\n\n\n  <div class=\"banner has-hover\" id=\"banner-264947463\">\n          <div class=\"banner-inner fill\">\n        <div class=\"banner-bg fill\" >\n            <img loading=\"lazy\" decoding=\"async\" width=\"982\" height=\"1024\" src=\"https:\/\/amberell.lt\/wp-content\/uploads\/2024\/12\/DSC01994e-982x1024.jpg\" class=\"bg attachment-large size-large\" alt=\"Gintaro laikrodis\" \/>                                    \n                    <\/div>\n\t\t\n        <div class=\"banner-layers container\">\n            <div class=\"fill banner-link\"><\/div>            \n\n   <div id=\"text-box-179090699\" class=\"text-box banner-layer x50 md-x50 lg-x50 y50 md-y50 lg-y50 res-text\">\n                                <div class=\"text-box-content text dark\">\n              \n              <div class=\"text-inner text-center\">\n                  \n\n\n              <\/div>\n           <\/div>\n                            \n<style>\n#text-box-179090699 {\n  width: 60%;\n}\n#text-box-179090699 .text-box-content {\n  font-size: 100%;\n}\n@media (min-width:550px) {\n  #text-box-179090699 {\n    width: 60%;\n  }\n}\n<\/style>\n    <\/div>\n \n\n        <\/div>\n      <\/div>\n\n            \n<style>\n#banner-264947463 {\n  padding-top: 500px;\n}\n<\/style>\n  <\/div>\n\n\n\n<\/div><\/div>\n\n            <\/div>\n    <style>\n    #banner-grid-1970069248 .grid-col-1{height: 400px}\n    #banner-grid-1970069248 .grid-col-1-2{height: 200px}\n    #banner-grid-1970069248 .grid-col-1-3{height:133.33333333333px}\n    #banner-grid-1970069248 .grid-col-2-3{height: 266.66666666667px}\n    #banner-grid-1970069248 .grid-col-1-4{height: 100px}\n    #banner-grid-1970069248 .grid-col-3-4{height: 300px}\n\n\n        \/* Tablet *\/\n    @media (max-width: 850px){\n      #banner-grid-1970069248 .grid-col-1{height: 500px}\n      #banner-grid-1970069248 .grid-col-1-2{height: 250px}\n      #banner-grid-1970069248 .grid-col-1-3{height:166.66666666667px}\n      #banner-grid-1970069248 .grid-col-2-3{height: 333.33333333333px}\n      #banner-grid-1970069248 .grid-col-1-4{height: 125px}\n      #banner-grid-1970069248 .grid-col-3-4{height: 375px}\n    }\n    \n        \/* Mobile *\/\n    @media (max-width: 550px){\n      #banner-grid-1970069248 .grid-col-1{height: 400px}\n      #banner-grid-1970069248 .grid-col-1-2{height: 200px}\n      #banner-grid-1970069248 .grid-col-1-3{height:133.33333333333px}\n      #banner-grid-1970069248 .grid-col-2-3{height: 266.66666666667px}\n      #banner-grid-1970069248 .grid-col-1-4{height: 100px}\n      #banner-grid-1970069248 .grid-col-3-4{height: 300px}\n    }\n    \n\n  <\/style>\n    <\/div>\n  \n\n\t\t<\/div>\n\n\t\t\n<style>\n#section_1812475344 {\n  padding-top: 80px;\n  padding-bottom: 80px;\n}\n<\/style>\n\t<\/section>","protected":false},"excerpt":{"rendered":"","protected":false},"author":1,"featured_media":0,"parent":0,"menu_order":0,"comment_status":"closed","ping_status":"closed","template":"page-blank.php","meta":{"footnotes":""},"class_list":["post-1144","page","type-page","status-publish","hentry"],"_links":{"self":[{"href":"https:\/\/amberell.lt\/en\/wp-json\/wp\/v2\/pages\/1144","targetHints":{"allow":["GET"]}}],"collection":[{"href":"https:\/\/amberell.lt\/en\/wp-json\/wp\/v2\/pages"}],"about":[{"href":"https:\/\/amberell.lt\/en\/wp-json\/wp\/v2\/types\/page"}],"author":[{"embeddable":true,"href":"https:\/\/amberell.lt\/en\/wp-json\/wp\/v2\/users\/1"}],"replies":[{"embeddable":true,"href":"https:\/\/amberell.lt\/en\/wp-json\/wp\/v2\/comments?post=1144"}],"version-history":[{"count":0,"href":"https:\/\/amberell.lt\/en\/wp-json\/wp\/v2\/pages\/1144\/revisions"}],"wp:attachment":[{"href":"https:\/\/amberell.lt\/en\/wp-json\/wp\/v2\/media?parent=1144"}],"curies":[{"name":"wp","href":"https:\/\/api.w.org\/{rel}","templated":true}]}}